{"id":19300,"date":"2022-11-28T17:08:48","date_gmt":"2022-11-28T16:08:48","guid":{"rendered":"https:\/\/www.coteneige.com\/?post_type=product&#038;p=19300"},"modified":"2022-12-12T17:04:44","modified_gmt":"2022-12-12T16:04:44","slug":"pingouin-vintage","status":"publish","type":"product","link":"https:\/\/www.coteneige.com\/index.php\/produit\/pingouin-vintage\/","title":{"rendered":"Pingouin Vintage"},"content":{"rendered":"","protected":false},"excerpt":{"rendered":"<p>Pingouin en bois portant des cadeaux.<\/p>\n<p>Pi\u00e8ce ancienne, issue d&rsquo;une usine de papier m\u00e2cher.<br \/>\nCette pi\u00e8ce \u00e9tait une matrice de moule \u00e0 papier m\u00e2cher, elle pr\u00e9sente des marques d&rsquo;usure aux endroits de la d\u00e9coupe des moules.<\/p>\n","protected":false},"featured_media":19301,"template":"","meta":{"jetpack_post_was_ever_published":false},"product_cat":[152,157,150,153,80],"product_tag":[140,139,138,137],"class_list":["post-19300","product","type-product","status-publish","has-post-thumbnail","hentry","product_cat-antics","product_cat-bois","product_cat-deco","product_cat-objet","product_cat-noel","product_tag-antiquite","product_tag-bois","product_tag-decoration","product_tag-objet"],"jetpack_sharing_enabled":true,"_links":{"self":[{"href":"https:\/\/www.coteneige.com\/index.php\/wp-json\/wp\/v2\/product\/19300"}],"collection":[{"href":"https:\/\/www.coteneige.com\/index.php\/wp-json\/wp\/v2\/product"}],"about":[{"href":"https:\/\/www.coteneige.com\/index.php\/wp-json\/wp\/v2\/types\/product"}],"wp:featuredmedia":[{"embeddable":true,"href":"https:\/\/www.coteneige.com\/index.php\/wp-json\/wp\/v2\/media\/19301"}],"wp:attachment":[{"href":"https:\/\/www.coteneige.com\/index.php\/wp-json\/wp\/v2\/media?parent=19300"}],"wp:term":[{"taxonomy":"product_cat","embeddable":true,"href":"https:\/\/www.coteneige.com\/index.php\/wp-json\/wp\/v2\/product_cat?post=19300"},{"taxonomy":"product_tag","embeddable":true,"href":"https:\/\/www.coteneige.com\/index.php\/wp-json\/wp\/v2\/product_tag?post=19300"}],"curies":[{"name":"wp","href":"https:\/\/api.w.org\/{rel}","templated":true}]}}