{"id":19304,"date":"2022-11-28T17:58:29","date_gmt":"2022-11-28T16:58:29","guid":{"rendered":"https:\/\/www.coteneige.com\/?post_type=product&#038;p=19304"},"modified":"2022-12-12T17:04:09","modified_gmt":"2022-12-12T16:04:09","slug":"grande-botte-vintage","status":"publish","type":"product","link":"https:\/\/www.coteneige.com\/index.php\/produit\/grande-botte-vintage\/","title":{"rendered":"Grande Botte Vintage"},"content":{"rendered":"<p>Existe aussi en petit mod\u00e8le<\/p>\n","protected":false},"excerpt":{"rendered":"<p>Botte en bois, avec noeud<br \/>\nGrand mod\u00e8le<\/p>\n<p>Pi\u00e8ce ancienne, issue d&rsquo;une usine de papier m\u00e2cher.<br \/>\n<em><br \/>\nCette pi\u00e8ce \u00e9tait une matrice de moule \u00e0 papier m\u00e2cher, elle pr\u00e9sente des marques d&rsquo;usure aux endroits de la d\u00e9coupe des moules. <\/em><\/p>\n","protected":false},"featured_media":19305,"template":"","meta":{"jetpack_post_was_ever_published":false},"product_cat":[152,157,150,153,80],"product_tag":[140,139,138,137],"class_list":["post-19304","product","type-product","status-publish","has-post-thumbnail","hentry","product_cat-antics","product_cat-bois","product_cat-deco","product_cat-objet","product_cat-noel","product_tag-antiquite","product_tag-bois","product_tag-decoration","product_tag-objet"],"jetpack_sharing_enabled":true,"_links":{"self":[{"href":"https:\/\/www.coteneige.com\/index.php\/wp-json\/wp\/v2\/product\/19304"}],"collection":[{"href":"https:\/\/www.coteneige.com\/index.php\/wp-json\/wp\/v2\/product"}],"about":[{"href":"https:\/\/www.coteneige.com\/index.php\/wp-json\/wp\/v2\/types\/product"}],"wp:featuredmedia":[{"embeddable":true,"href":"https:\/\/www.coteneige.com\/index.php\/wp-json\/wp\/v2\/media\/19305"}],"wp:attachment":[{"href":"https:\/\/www.coteneige.com\/index.php\/wp-json\/wp\/v2\/media?parent=19304"}],"wp:term":[{"taxonomy":"product_cat","embeddable":true,"href":"https:\/\/www.coteneige.com\/index.php\/wp-json\/wp\/v2\/product_cat?post=19304"},{"taxonomy":"product_tag","embeddable":true,"href":"https:\/\/www.coteneige.com\/index.php\/wp-json\/wp\/v2\/product_tag?post=19304"}],"curies":[{"name":"wp","href":"https:\/\/api.w.org\/{rel}","templated":true}]}}