{"id":19352,"date":"2022-12-06T11:37:17","date_gmt":"2022-12-06T10:37:17","guid":{"rendered":"https:\/\/www.coteneige.com\/?post_type=product&#038;p=19352"},"modified":"2023-02-02T18:46:41","modified_gmt":"2023-02-02T17:46:41","slug":"le-cigare","status":"publish","type":"product","link":"https:\/\/www.coteneige.com\/index.php\/produit\/le-cigare\/","title":{"rendered":"Le Cigare"},"content":{"rendered":"<p>Set \u00e0 cigare comprenant un coupe-cigare en V, une brosse et des allumettes.<\/p>\n<p>Finitions m\u00e9tal chrom\u00e9 et corne d&rsquo;\u00e9lan.<\/p>\n<p>Design : Cedes<\/p>\n","protected":false},"excerpt":{"rendered":"<p>Set \u00e0 cigare comprenant un coupe-cigare en V, une brosse et des allumettes. Finitions m\u00e9tal chrom\u00e9 et corne d&rsquo;\u00e9lan. Design : Cedes<\/p>\n","protected":false},"featured_media":19348,"template":"","meta":{"jetpack_post_was_ever_published":false},"product_cat":[148,149,155,150],"product_tag":[143,146,138],"class_list":["post-19352","product","type-product","status-publish","has-post-thumbnail","hentry","product_cat-accessoires","product_cat-bureau","product_cat-cadeaux","product_cat-deco","product_tag-accessoire","product_tag-cadeau","product_tag-decoration"],"jetpack_sharing_enabled":true,"_links":{"self":[{"href":"https:\/\/www.coteneige.com\/index.php\/wp-json\/wp\/v2\/product\/19352"}],"collection":[{"href":"https:\/\/www.coteneige.com\/index.php\/wp-json\/wp\/v2\/product"}],"about":[{"href":"https:\/\/www.coteneige.com\/index.php\/wp-json\/wp\/v2\/types\/product"}],"wp:featuredmedia":[{"embeddable":true,"href":"https:\/\/www.coteneige.com\/index.php\/wp-json\/wp\/v2\/media\/19348"}],"wp:attachment":[{"href":"https:\/\/www.coteneige.com\/index.php\/wp-json\/wp\/v2\/media?parent=19352"}],"wp:term":[{"taxonomy":"product_cat","embeddable":true,"href":"https:\/\/www.coteneige.com\/index.php\/wp-json\/wp\/v2\/product_cat?post=19352"},{"taxonomy":"product_tag","embeddable":true,"href":"https:\/\/www.coteneige.com\/index.php\/wp-json\/wp\/v2\/product_tag?post=19352"}],"curies":[{"name":"wp","href":"https:\/\/api.w.org\/{rel}","templated":true}]}}