{"id":19383,"date":"2022-12-06T11:22:56","date_gmt":"2022-12-06T10:22:56","guid":{"rendered":"https:\/\/www.coteneige.com\/?post_type=product&#038;p=19383"},"modified":"2022-12-18T10:26:53","modified_gmt":"2022-12-18T09:26:53","slug":"agneau","status":"publish","type":"product","link":"https:\/\/www.coteneige.com\/index.php\/produit\/agneau\/","title":{"rendered":"Agneau"},"content":{"rendered":"<p>Mouton en bois de h\u00eatre et en laine, oreilles en cuir.<\/p>\n<p>Peut \u00eatre utilis\u00e9 comme une assise (hauteur 35cm) jusqu&rsquo;\u00e0 50kg<\/p>\n<p>Design : Hanns-Peter Krafft<\/p>\n<p>D&rsquo;autres tailles et couleurs sont disponibles sur commande, contactez-nous.<\/p>\n","protected":false},"excerpt":{"rendered":"<p>Mouton en bois de h\u00eatre et en laine, oreilles en cuir. Peut \u00eatre utilis\u00e9 comme une assise (hauteur 35cm) jusqu&rsquo;\u00e0 50kg Design : Hanns-Peter Krafft D&rsquo;autres tailles et couleurs sont disponibles sur commande, contactez-nous.<\/p>\n","protected":false},"featured_media":19384,"template":"","meta":{"jetpack_post_was_ever_published":false},"product_cat":[150,156],"product_tag":[138],"class_list":["post-19383","product","type-product","status-publish","has-post-thumbnail","hentry","product_cat-deco","product_cat-mobilier","product_tag-decoration"],"jetpack_sharing_enabled":true,"_links":{"self":[{"href":"https:\/\/www.coteneige.com\/index.php\/wp-json\/wp\/v2\/product\/19383"}],"collection":[{"href":"https:\/\/www.coteneige.com\/index.php\/wp-json\/wp\/v2\/product"}],"about":[{"href":"https:\/\/www.coteneige.com\/index.php\/wp-json\/wp\/v2\/types\/product"}],"wp:featuredmedia":[{"embeddable":true,"href":"https:\/\/www.coteneige.com\/index.php\/wp-json\/wp\/v2\/media\/19384"}],"wp:attachment":[{"href":"https:\/\/www.coteneige.com\/index.php\/wp-json\/wp\/v2\/media?parent=19383"}],"wp:term":[{"taxonomy":"product_cat","embeddable":true,"href":"https:\/\/www.coteneige.com\/index.php\/wp-json\/wp\/v2\/product_cat?post=19383"},{"taxonomy":"product_tag","embeddable":true,"href":"https:\/\/www.coteneige.com\/index.php\/wp-json\/wp\/v2\/product_tag?post=19383"}],"curies":[{"name":"wp","href":"https:\/\/api.w.org\/{rel}","templated":true}]}}