{"id":19393,"date":"2022-12-06T11:34:44","date_gmt":"2022-12-06T10:34:44","guid":{"rendered":"https:\/\/www.coteneige.com\/?post_type=product&#038;p=19393"},"modified":"2022-12-18T10:27:52","modified_gmt":"2022-12-18T09:27:52","slug":"mouton-marron-pm","status":"publish","type":"product","link":"https:\/\/www.coteneige.com\/index.php\/produit\/mouton-marron-pm\/","title":{"rendered":"Mouton Marron pm"},"content":{"rendered":"<p>Mouton d\u00e9coratif en bois et en laine v\u00e9ritable.<\/p>\n<p>Le produit \u00e9tant en laine v\u00e9ritable, les couleurs peuvent varier.<\/p>\n<p>Hauteur : 25cm<\/p>\n<p>Design : Hanns-Peter Krafft<\/p>\n<p>D&rsquo;autres tailles et couleurs sont disponibles sur commande, contactez-nous.<\/p>\n","protected":false},"excerpt":{"rendered":"<p>Mouton d\u00e9coratif en bois et en laine v\u00e9ritable. Le produit \u00e9tant en laine v\u00e9ritable, les couleurs peuvent varier. Hauteur : 25cm Design : Hanns-Peter Krafft D&rsquo;autres tailles et couleurs sont disponibles sur commande, contactez-nous.<\/p>\n","protected":false},"featured_media":19388,"template":"","meta":{"jetpack_post_was_ever_published":false},"product_cat":[150,153],"product_tag":[138],"class_list":["post-19393","product","type-product","status-publish","has-post-thumbnail","hentry","product_cat-deco","product_cat-objet","product_tag-decoration"],"jetpack_sharing_enabled":true,"_links":{"self":[{"href":"https:\/\/www.coteneige.com\/index.php\/wp-json\/wp\/v2\/product\/19393"}],"collection":[{"href":"https:\/\/www.coteneige.com\/index.php\/wp-json\/wp\/v2\/product"}],"about":[{"href":"https:\/\/www.coteneige.com\/index.php\/wp-json\/wp\/v2\/types\/product"}],"wp:featuredmedia":[{"embeddable":true,"href":"https:\/\/www.coteneige.com\/index.php\/wp-json\/wp\/v2\/media\/19388"}],"wp:attachment":[{"href":"https:\/\/www.coteneige.com\/index.php\/wp-json\/wp\/v2\/media?parent=19393"}],"wp:term":[{"taxonomy":"product_cat","embeddable":true,"href":"https:\/\/www.coteneige.com\/index.php\/wp-json\/wp\/v2\/product_cat?post=19393"},{"taxonomy":"product_tag","embeddable":true,"href":"https:\/\/www.coteneige.com\/index.php\/wp-json\/wp\/v2\/product_tag?post=19393"}],"curies":[{"name":"wp","href":"https:\/\/api.w.org\/{rel}","templated":true}]}}