{"id":19394,"date":"2022-12-06T11:51:17","date_gmt":"2022-12-06T10:51:17","guid":{"rendered":"https:\/\/www.coteneige.com\/?post_type=product&#038;p=19394"},"modified":"2022-12-18T09:02:05","modified_gmt":"2022-12-18T08:02:05","slug":"backgammon-de-voyage","status":"publish","type":"product","link":"https:\/\/www.coteneige.com\/index.php\/produit\/backgammon-de-voyage\/","title":{"rendered":"Backgammon de voyage"},"content":{"rendered":"<p>Backgammon en cuir de velours orange.<\/p>\n<p>Facile \u00e0 emporter partout gr\u00e2ce \u00e0 son format roul\u00e9, les pions et les d\u00e9s sont stock\u00e9s dans une pochette int\u00e9gr\u00e9e.<\/p>\n<p>Backgammon ouvert : 51cm x 28cm<\/p>\n<p>Backgammon ferm\u00e9 : 8cm x 28cm<\/p>\n<p>Pions en ac\u00e9tates de 25mm de diam\u00e8tre et 5mm d&rsquo;\u00e9paisseur<\/p>\n<p>4 d\u00e9s en r\u00e9sine de 16mm<\/p>\n<p>1 vido m\u00e9tal de 16mm<\/p>\n<p>Design : Hector Saxe Paris<\/p>\n","protected":false},"excerpt":{"rendered":"<p>Backgammon en cuir de velours orange. Facile \u00e0 emporter partout gr\u00e2ce \u00e0 son format roul\u00e9, les pions et les d\u00e9s sont stock\u00e9s dans une pochette int\u00e9gr\u00e9e. Backgammon ouvert : 51cm x 28cm Backgammon ferm\u00e9 : 8cm x 28cm Pions en ac\u00e9tates de 25mm de diam\u00e8tre et 5mm d&rsquo;\u00e9paisseur 4 d\u00e9s en r\u00e9sine de 16mm 1 [&hellip;]<\/p>\n","protected":false},"featured_media":19396,"template":"","meta":{"jetpack_post_was_ever_published":false},"product_cat":[154],"product_tag":[147],"class_list":["post-19394","product","type-product","status-publish","has-post-thumbnail","hentry","product_cat-jeux","product_tag-jeu"],"jetpack_sharing_enabled":true,"_links":{"self":[{"href":"https:\/\/www.coteneige.com\/index.php\/wp-json\/wp\/v2\/product\/19394"}],"collection":[{"href":"https:\/\/www.coteneige.com\/index.php\/wp-json\/wp\/v2\/product"}],"about":[{"href":"https:\/\/www.coteneige.com\/index.php\/wp-json\/wp\/v2\/types\/product"}],"wp:featuredmedia":[{"embeddable":true,"href":"https:\/\/www.coteneige.com\/index.php\/wp-json\/wp\/v2\/media\/19396"}],"wp:attachment":[{"href":"https:\/\/www.coteneige.com\/index.php\/wp-json\/wp\/v2\/media?parent=19394"}],"wp:term":[{"taxonomy":"product_cat","embeddable":true,"href":"https:\/\/www.coteneige.com\/index.php\/wp-json\/wp\/v2\/product_cat?post=19394"},{"taxonomy":"product_tag","embeddable":true,"href":"https:\/\/www.coteneige.com\/index.php\/wp-json\/wp\/v2\/product_tag?post=19394"}],"curies":[{"name":"wp","href":"https:\/\/api.w.org\/{rel}","templated":true}]}}