{"id":19650,"date":"2022-12-18T09:33:10","date_gmt":"2022-12-18T08:33:10","guid":{"rendered":"https:\/\/www.coteneige.com\/?post_type=product&#038;p=19650"},"modified":"2022-12-18T09:33:10","modified_gmt":"2022-12-18T08:33:10","slug":"double-nutbowl","status":"publish","type":"product","link":"https:\/\/www.coteneige.com\/index.php\/produit\/double-nutbowl\/","title":{"rendered":"Double Nutbowl"},"content":{"rendered":"<p>Pr\u00e9sentoir \u00e0 ap\u00e9ritif en m\u00e9tal argent\u00e9, avec deux compartiments.<\/p>\n<p>dimensions : l.27,5cm x L.10,5cm x h.16cm<\/p>\n<p>Design : RL Home<\/p>\n","protected":false},"excerpt":{"rendered":"<p>Pr\u00e9sentoir \u00e0 ap\u00e9ritif en m\u00e9tal argent\u00e9, avec deux compartiments. dimensions : l.27,5cm x L.10,5cm x h.16cm Design : RL Home<\/p>\n","protected":false},"featured_media":19651,"template":"","meta":{"jetpack_post_was_ever_published":false},"product_cat":[158,155,153],"product_tag":[],"class_list":["post-19650","product","type-product","status-publish","has-post-thumbnail","hentry","product_cat-arts-de-la-table","product_cat-cadeaux","product_cat-objet"],"jetpack_sharing_enabled":true,"_links":{"self":[{"href":"https:\/\/www.coteneige.com\/index.php\/wp-json\/wp\/v2\/product\/19650"}],"collection":[{"href":"https:\/\/www.coteneige.com\/index.php\/wp-json\/wp\/v2\/product"}],"about":[{"href":"https:\/\/www.coteneige.com\/index.php\/wp-json\/wp\/v2\/types\/product"}],"wp:featuredmedia":[{"embeddable":true,"href":"https:\/\/www.coteneige.com\/index.php\/wp-json\/wp\/v2\/media\/19651"}],"wp:attachment":[{"href":"https:\/\/www.coteneige.com\/index.php\/wp-json\/wp\/v2\/media?parent=19650"}],"wp:term":[{"taxonomy":"product_cat","embeddable":true,"href":"https:\/\/www.coteneige.com\/index.php\/wp-json\/wp\/v2\/product_cat?post=19650"},{"taxonomy":"product_tag","embeddable":true,"href":"https:\/\/www.coteneige.com\/index.php\/wp-json\/wp\/v2\/product_tag?post=19650"}],"curies":[{"name":"wp","href":"https:\/\/api.w.org\/{rel}","templated":true}]}}