{"id":19653,"date":"2022-12-18T10:14:56","date_gmt":"2022-12-18T09:14:56","guid":{"rendered":"https:\/\/www.coteneige.com\/?post_type=product&#038;p=19653"},"modified":"2023-02-02T18:47:53","modified_gmt":"2023-02-02T17:47:53","slug":"mug-ecossais","status":"publish","type":"product","link":"https:\/\/www.coteneige.com\/index.php\/produit\/mug-ecossais\/","title":{"rendered":"Mug Ecossais"},"content":{"rendered":"<p>Set de 4 mugs avec motif \u00e9cossais, en porcelaine imprim\u00e9e.<\/p>\n<p>D\u00e9couvrez le set de 4 assiettes \u00e0 dessert assorti.<\/p>\n<p>dimensions : diam. 8cm x h. 10,5cm<\/p>\n<p>Design : RL Home<\/p>\n","protected":false},"excerpt":{"rendered":"<p>Set de 4 mugs avec motif \u00e9cossais, en porcelaine imprim\u00e9e. D\u00e9couvrez le set de 4 assiettes \u00e0 dessert assorti. dimensions : diam. 8cm x h. 10,5cm Design : RL Home<\/p>\n","protected":false},"featured_media":19655,"template":"","meta":{"jetpack_post_was_ever_published":false},"product_cat":[158,155,80],"product_tag":[],"class_list":["post-19653","product","type-product","status-publish","has-post-thumbnail","hentry","product_cat-arts-de-la-table","product_cat-cadeaux","product_cat-noel"],"jetpack_sharing_enabled":true,"_links":{"self":[{"href":"https:\/\/www.coteneige.com\/index.php\/wp-json\/wp\/v2\/product\/19653"}],"collection":[{"href":"https:\/\/www.coteneige.com\/index.php\/wp-json\/wp\/v2\/product"}],"about":[{"href":"https:\/\/www.coteneige.com\/index.php\/wp-json\/wp\/v2\/types\/product"}],"wp:featuredmedia":[{"embeddable":true,"href":"https:\/\/www.coteneige.com\/index.php\/wp-json\/wp\/v2\/media\/19655"}],"wp:attachment":[{"href":"https:\/\/www.coteneige.com\/index.php\/wp-json\/wp\/v2\/media?parent=19653"}],"wp:term":[{"taxonomy":"product_cat","embeddable":true,"href":"https:\/\/www.coteneige.com\/index.php\/wp-json\/wp\/v2\/product_cat?post=19653"},{"taxonomy":"product_tag","embeddable":true,"href":"https:\/\/www.coteneige.com\/index.php\/wp-json\/wp\/v2\/product_tag?post=19653"}],"curies":[{"name":"wp","href":"https:\/\/api.w.org\/{rel}","templated":true}]}}