{"id":19656,"date":"2022-12-18T10:15:22","date_gmt":"2022-12-18T09:15:22","guid":{"rendered":"https:\/\/www.coteneige.com\/?post_type=product&#038;p=19656"},"modified":"2023-02-02T18:48:05","modified_gmt":"2023-02-02T17:48:05","slug":"assiettes-ecossais","status":"publish","type":"product","link":"https:\/\/www.coteneige.com\/index.php\/produit\/assiettes-ecossais\/","title":{"rendered":"Assiettes Ecossais"},"content":{"rendered":"<p>Set de 4 assiettes avec motif \u00e9cossais, en porcelaine imprim\u00e9e.<\/p>\n<p>D\u00e9couvrez aussi le set de 4 mugs \u00e0 dessert assorti.<\/p>\n<p>dimensions : diam. 21,5cm<\/p>\n<p>Design : RL Home<\/p>\n","protected":false},"excerpt":{"rendered":"<p>Set de 4 assiettes avec motif \u00e9cossais, en porcelaine imprim\u00e9e. D\u00e9couvrez aussi le set de 4 mugs \u00e0 dessert assorti. dimensions : diam. 21,5cm Design : RL Home<\/p>\n","protected":false},"featured_media":19657,"template":"","meta":{"jetpack_post_was_ever_published":false},"product_cat":[158,155,80],"product_tag":[],"class_list":["post-19656","product","type-product","status-publish","has-post-thumbnail","hentry","product_cat-arts-de-la-table","product_cat-cadeaux","product_cat-noel"],"jetpack_sharing_enabled":true,"_links":{"self":[{"href":"https:\/\/www.coteneige.com\/index.php\/wp-json\/wp\/v2\/product\/19656"}],"collection":[{"href":"https:\/\/www.coteneige.com\/index.php\/wp-json\/wp\/v2\/product"}],"about":[{"href":"https:\/\/www.coteneige.com\/index.php\/wp-json\/wp\/v2\/types\/product"}],"wp:featuredmedia":[{"embeddable":true,"href":"https:\/\/www.coteneige.com\/index.php\/wp-json\/wp\/v2\/media\/19657"}],"wp:attachment":[{"href":"https:\/\/www.coteneige.com\/index.php\/wp-json\/wp\/v2\/media?parent=19656"}],"wp:term":[{"taxonomy":"product_cat","embeddable":true,"href":"https:\/\/www.coteneige.com\/index.php\/wp-json\/wp\/v2\/product_cat?post=19656"},{"taxonomy":"product_tag","embeddable":true,"href":"https:\/\/www.coteneige.com\/index.php\/wp-json\/wp\/v2\/product_tag?post=19656"}],"curies":[{"name":"wp","href":"https:\/\/api.w.org\/{rel}","templated":true}]}}