{"id":19665,"date":"2022-12-18T11:01:09","date_gmt":"2022-12-18T10:01:09","guid":{"rendered":"https:\/\/www.coteneige.com\/?post_type=product&#038;p=19665"},"modified":"2023-02-02T18:49:07","modified_gmt":"2023-02-02T17:49:07","slug":"cadre-aviation-4x6","status":"publish","type":"product","link":"https:\/\/www.coteneige.com\/index.php\/produit\/cadre-aviation-4x6\/","title":{"rendered":"Cadre Aviation 4&#215;6"},"content":{"rendered":"<p>Cadre en m\u00e9tal argent\u00e9, avec rivets en relief, pour photos 4&#215;6&Prime;<\/p>\n<p>Dos en su\u00e9dine<\/p>\n<p>dimensions : 10 x 15 cm<\/p>\n<p>livr\u00e9 avec boite cadeau bleue<\/p>\n<p>design : RL Home<\/p>\n","protected":false},"excerpt":{"rendered":"<p>Cadre en m\u00e9tal argent\u00e9, avec rivets en relief, pour photos 4&#215;6&Prime; Dos en su\u00e9dine dimensions : 10 x 15 cm livr\u00e9 avec boite cadeau bleue design : RL Home<\/p>\n","protected":false},"featured_media":19666,"template":"","meta":{"jetpack_post_was_ever_published":false},"product_cat":[155,159,150,153],"product_tag":[],"class_list":["post-19665","product","type-product","status-publish","has-post-thumbnail","hentry","product_cat-cadeaux","product_cat-cadre","product_cat-deco","product_cat-objet"],"jetpack_sharing_enabled":true,"_links":{"self":[{"href":"https:\/\/www.coteneige.com\/index.php\/wp-json\/wp\/v2\/product\/19665"}],"collection":[{"href":"https:\/\/www.coteneige.com\/index.php\/wp-json\/wp\/v2\/product"}],"about":[{"href":"https:\/\/www.coteneige.com\/index.php\/wp-json\/wp\/v2\/types\/product"}],"wp:featuredmedia":[{"embeddable":true,"href":"https:\/\/www.coteneige.com\/index.php\/wp-json\/wp\/v2\/media\/19666"}],"wp:attachment":[{"href":"https:\/\/www.coteneige.com\/index.php\/wp-json\/wp\/v2\/media?parent=19665"}],"wp:term":[{"taxonomy":"product_cat","embeddable":true,"href":"https:\/\/www.coteneige.com\/index.php\/wp-json\/wp\/v2\/product_cat?post=19665"},{"taxonomy":"product_tag","embeddable":true,"href":"https:\/\/www.coteneige.com\/index.php\/wp-json\/wp\/v2\/product_tag?post=19665"}],"curies":[{"name":"wp","href":"https:\/\/api.w.org\/{rel}","templated":true}]}}