{"id":19668,"date":"2022-12-18T11:14:49","date_gmt":"2022-12-18T10:14:49","guid":{"rendered":"https:\/\/www.coteneige.com\/?post_type=product&#038;p=19668"},"modified":"2023-02-02T18:45:51","modified_gmt":"2023-02-02T17:45:51","slug":"cadre-strie-4x6","status":"publish","type":"product","link":"https:\/\/www.coteneige.com\/index.php\/produit\/cadre-strie-4x6\/","title":{"rendered":"Cadre Stri\u00e9 4&#215;6"},"content":{"rendered":"<p>Cadre en m\u00e9tal argent\u00e9, avec rayures en relief, pour photos 4&#215;6&Prime;<\/p>\n<p>Dos en su\u00e9dine<\/p>\n<p>dimensions : 12 x 18 cm<\/p>\n<p>livr\u00e9 avec boite cadeau bleue<\/p>\n<p>design : RL Home<\/p>\n","protected":false},"excerpt":{"rendered":"<p>Cadre en m\u00e9tal argent\u00e9, avec rayures en relief, pour photos 4&#215;6&Prime; Dos en su\u00e9dine dimensions : 12 x 18 cm livr\u00e9 avec boite cadeau bleue design : RL Home<\/p>\n","protected":false},"featured_media":19669,"template":"","meta":{"jetpack_post_was_ever_published":false},"product_cat":[155,159,150,153],"product_tag":[],"class_list":["post-19668","product","type-product","status-publish","has-post-thumbnail","hentry","product_cat-cadeaux","product_cat-cadre","product_cat-deco","product_cat-objet"],"jetpack_sharing_enabled":true,"_links":{"self":[{"href":"https:\/\/www.coteneige.com\/index.php\/wp-json\/wp\/v2\/product\/19668"}],"collection":[{"href":"https:\/\/www.coteneige.com\/index.php\/wp-json\/wp\/v2\/product"}],"about":[{"href":"https:\/\/www.coteneige.com\/index.php\/wp-json\/wp\/v2\/types\/product"}],"wp:featuredmedia":[{"embeddable":true,"href":"https:\/\/www.coteneige.com\/index.php\/wp-json\/wp\/v2\/media\/19669"}],"wp:attachment":[{"href":"https:\/\/www.coteneige.com\/index.php\/wp-json\/wp\/v2\/media?parent=19668"}],"wp:term":[{"taxonomy":"product_cat","embeddable":true,"href":"https:\/\/www.coteneige.com\/index.php\/wp-json\/wp\/v2\/product_cat?post=19668"},{"taxonomy":"product_tag","embeddable":true,"href":"https:\/\/www.coteneige.com\/index.php\/wp-json\/wp\/v2\/product_tag?post=19668"}],"curies":[{"name":"wp","href":"https:\/\/api.w.org\/{rel}","templated":true}]}}