{"id":19692,"date":"2022-12-18T15:44:16","date_gmt":"2022-12-18T14:44:16","guid":{"rendered":"https:\/\/www.coteneige.com\/?post_type=product&#038;p=19692"},"modified":"2023-02-02T18:41:27","modified_gmt":"2023-02-02T17:41:27","slug":"cadre-cuir-croco-5x7","status":"publish","type":"product","link":"https:\/\/www.coteneige.com\/index.php\/produit\/cadre-cuir-croco-5x7\/","title":{"rendered":"Cadre Cuir Croco 5&#215;7"},"content":{"rendered":"<p>Cadre en cuir marron clair, avec bordure effet croco, pour photos 5&#215;7&Prime;<\/p>\n<p>Dos en m\u00e9tal argent\u00e9<\/p>\n<p>dimensions : 20 x 25 cm<\/p>\n<p>livr\u00e9 avec boite cadeau bleue<\/p>\n<p>design : RL Home<\/p>\n","protected":false},"excerpt":{"rendered":"<p>Cadre en cuir marron clair, avec bordure effet croco, pour photos 5&#215;7&Prime; Dos en m\u00e9tal argent\u00e9 dimensions : 20 x 25 cm livr\u00e9 avec boite cadeau bleue design : RL Home<\/p>\n","protected":false},"featured_media":19694,"template":"","meta":{"jetpack_post_was_ever_published":false},"product_cat":[155,159,150,153],"product_tag":[],"class_list":["post-19692","product","type-product","status-publish","has-post-thumbnail","hentry","product_cat-cadeaux","product_cat-cadre","product_cat-deco","product_cat-objet"],"jetpack_sharing_enabled":true,"_links":{"self":[{"href":"https:\/\/www.coteneige.com\/index.php\/wp-json\/wp\/v2\/product\/19692"}],"collection":[{"href":"https:\/\/www.coteneige.com\/index.php\/wp-json\/wp\/v2\/product"}],"about":[{"href":"https:\/\/www.coteneige.com\/index.php\/wp-json\/wp\/v2\/types\/product"}],"wp:featuredmedia":[{"embeddable":true,"href":"https:\/\/www.coteneige.com\/index.php\/wp-json\/wp\/v2\/media\/19694"}],"wp:attachment":[{"href":"https:\/\/www.coteneige.com\/index.php\/wp-json\/wp\/v2\/media?parent=19692"}],"wp:term":[{"taxonomy":"product_cat","embeddable":true,"href":"https:\/\/www.coteneige.com\/index.php\/wp-json\/wp\/v2\/product_cat?post=19692"},{"taxonomy":"product_tag","embeddable":true,"href":"https:\/\/www.coteneige.com\/index.php\/wp-json\/wp\/v2\/product_tag?post=19692"}],"curies":[{"name":"wp","href":"https:\/\/api.w.org\/{rel}","templated":true}]}}