{"id":19713,"date":"2022-12-21T10:50:41","date_gmt":"2022-12-21T09:50:41","guid":{"rendered":"https:\/\/www.coteneige.com\/?post_type=product&#038;p=19713"},"modified":"2022-12-21T10:50:41","modified_gmt":"2022-12-21T09:50:41","slug":"alpin-chair","status":"publish","type":"product","link":"https:\/\/www.coteneige.com\/index.php\/produit\/alpin-chair\/","title":{"rendered":"Alpin Chair"},"content":{"rendered":"<p>Comfortable et original, ce fauteuil\u00a0est compos\u00e9 de peluches en polyester cousues sur l&rsquo;assise, d&rsquo;un dossier est en laine de mouton de Nouvelle-Z\u00e9lande et d&rsquo;un pied pivotant en m\u00e9tal.<\/p>\n<p>Fabriqu\u00e9 en Belgique, il s&rsquo;agit d&rsquo;une \u00e9dition limit\u00e9 \u00e0 30 exemplaire.<\/p>\n<p>D&rsquo;autres mod\u00e8les sont disponibles, n&rsquo;h\u00e9sitez pas \u00e0 nous contacter \u00e0 ce sujet.<\/p>\n<p>design : AP Collection<\/p>\n","protected":false},"excerpt":{"rendered":"<p>Comfortable et original, ce fauteuil\u00a0est compos\u00e9 de peluches en polyester cousues sur l&rsquo;assise, d&rsquo;un dossier est en laine de mouton de Nouvelle-Z\u00e9lande et d&rsquo;un pied pivotant en m\u00e9tal. Fabriqu\u00e9 en Belgique, il s&rsquo;agit d&rsquo;une \u00e9dition limit\u00e9 \u00e0 30 exemplaire. D&rsquo;autres mod\u00e8les sont disponibles, n&rsquo;h\u00e9sitez pas \u00e0 nous contacter \u00e0 ce sujet. design : AP Collection<\/p>\n","protected":false},"featured_media":19714,"template":"","meta":{"jetpack_post_was_ever_published":false},"product_cat":[150,156],"product_tag":[],"class_list":["post-19713","product","type-product","status-publish","has-post-thumbnail","hentry","product_cat-deco","product_cat-mobilier"],"jetpack_sharing_enabled":true,"_links":{"self":[{"href":"https:\/\/www.coteneige.com\/index.php\/wp-json\/wp\/v2\/product\/19713"}],"collection":[{"href":"https:\/\/www.coteneige.com\/index.php\/wp-json\/wp\/v2\/product"}],"about":[{"href":"https:\/\/www.coteneige.com\/index.php\/wp-json\/wp\/v2\/types\/product"}],"wp:featuredmedia":[{"embeddable":true,"href":"https:\/\/www.coteneige.com\/index.php\/wp-json\/wp\/v2\/media\/19714"}],"wp:attachment":[{"href":"https:\/\/www.coteneige.com\/index.php\/wp-json\/wp\/v2\/media?parent=19713"}],"wp:term":[{"taxonomy":"product_cat","embeddable":true,"href":"https:\/\/www.coteneige.com\/index.php\/wp-json\/wp\/v2\/product_cat?post=19713"},{"taxonomy":"product_tag","embeddable":true,"href":"https:\/\/www.coteneige.com\/index.php\/wp-json\/wp\/v2\/product_tag?post=19713"}],"curies":[{"name":"wp","href":"https:\/\/api.w.org\/{rel}","templated":true}]}}