{"id":19727,"date":"2023-01-17T15:06:18","date_gmt":"2023-01-17T14:06:18","guid":{"rendered":"https:\/\/www.coteneige.com\/?post_type=product&#038;p=19727"},"modified":"2023-02-02T18:07:07","modified_gmt":"2023-02-02T17:07:07","slug":"backgammon-orange","status":"publish","type":"product","link":"https:\/\/www.coteneige.com\/index.php\/produit\/backgammon-orange\/","title":{"rendered":"Backgammon Orange Large"},"content":{"rendered":"<p>Backgammon de grande taille, gain\u00e9 de cuir. Fabriqu\u00e9 en France.<\/p>\n<p>Int\u00e9rieur marqueterie de cuir et fermoirs acier.<\/p>\n<p>Dimensions :<\/p>\n<p>Backgammon ferm\u00e9 : 30cm x 46cm<br \/>\nBackgammon ouvert : 60cm x 46cm<\/p>\n<p>Contenance :<\/p>\n<p>2 cl\u00e9s<br \/>\nAssortiment de 30 pions en ac\u00e9tate de 37mm de diam\u00e8tre et 8mm d&rsquo;\u00e9paisseur<br \/>\n4 d\u00e9s\u00a0en r\u00e9sine<br \/>\n1 vido m\u00e9tal de 20mm et 61g<br \/>\n2 gobelets\u00a0gain\u00e9s en cuir<\/p>\n<p>Possibilit\u00e9 de commander des backgammons dans d&rsquo;autres dimensions et finitions de cuir. N&rsquo;h\u00e9sitez pas \u00e0 nous contacter.<\/p>\n<p>Design : Hector Saxe Paris<\/p>\n","protected":false},"excerpt":{"rendered":"<p>Backgammon de grande taille, gain\u00e9 de cuir. Fabriqu\u00e9 en France. Int\u00e9rieur marqueterie de cuir et fermoirs acier. Dimensions : Backgammon ferm\u00e9 : 30cm x 46cm Backgammon ouvert : 60cm x 46cm Contenance : 2 cl\u00e9s Assortiment de 30 pions en ac\u00e9tate de 37mm de diam\u00e8tre et 8mm d&rsquo;\u00e9paisseur 4 d\u00e9s\u00a0en r\u00e9sine 1 vido m\u00e9tal de [&hellip;]<\/p>\n","protected":false},"featured_media":19728,"template":"","meta":{"jetpack_post_was_ever_published":false},"product_cat":[155,150,154,153],"product_tag":[],"class_list":["post-19727","product","type-product","status-publish","has-post-thumbnail","hentry","product_cat-cadeaux","product_cat-deco","product_cat-jeux","product_cat-objet"],"jetpack_sharing_enabled":true,"_links":{"self":[{"href":"https:\/\/www.coteneige.com\/index.php\/wp-json\/wp\/v2\/product\/19727"}],"collection":[{"href":"https:\/\/www.coteneige.com\/index.php\/wp-json\/wp\/v2\/product"}],"about":[{"href":"https:\/\/www.coteneige.com\/index.php\/wp-json\/wp\/v2\/types\/product"}],"wp:featuredmedia":[{"embeddable":true,"href":"https:\/\/www.coteneige.com\/index.php\/wp-json\/wp\/v2\/media\/19728"}],"wp:attachment":[{"href":"https:\/\/www.coteneige.com\/index.php\/wp-json\/wp\/v2\/media?parent=19727"}],"wp:term":[{"taxonomy":"product_cat","embeddable":true,"href":"https:\/\/www.coteneige.com\/index.php\/wp-json\/wp\/v2\/product_cat?post=19727"},{"taxonomy":"product_tag","embeddable":true,"href":"https:\/\/www.coteneige.com\/index.php\/wp-json\/wp\/v2\/product_tag?post=19727"}],"curies":[{"name":"wp","href":"https:\/\/api.w.org\/{rel}","templated":true}]}}