{"id":19745,"date":"2023-02-02T17:46:10","date_gmt":"2023-02-02T16:46:10","guid":{"rendered":"https:\/\/www.coteneige.com\/?post_type=product&#038;p=19745"},"modified":"2023-02-02T18:09:03","modified_gmt":"2023-02-02T17:09:03","slug":"echiquier-beige","status":"publish","type":"product","link":"https:\/\/www.coteneige.com\/index.php\/produit\/echiquier-beige\/","title":{"rendered":"Echiquier Beige"},"content":{"rendered":"<p>Echiquier gain\u00e9 de cuir emboss\u00e9 Galluchat, accompagn\u00e9 de sa bo\u00eete en cuir pour le rangement des pi\u00e8ces.<\/p>\n<p>Fabriqu\u00e9 en France, \u00e0 la main.<\/p>\n<p>Dimensions :<\/p>\n<p>Plateau : 45cm x 45cm<br \/>\nCoffret : 14cm x 28cm x 8cm<br \/>\nCases : 4,5cm<br \/>\nHauteur du Roi : 8cm<br \/>\nDiam\u00e8tre du Roi : 3,7cm<\/p>\n<p>Contenance :<\/p>\n<p>Assortiment de 32 pi\u00e8ces d&rsquo;\u00e9checs mod\u00e8le Staunton en Buis et Palissandre<br \/>\nPlomb\u00e9es et Feutr\u00e9es pour une meilleure qualit\u00e9 de jeu.<\/p>\n<p>Possibilit\u00e9 de commander des \u00e9chiquiers dans d&rsquo;autres dimensions et finitions de cuir. N&rsquo;h\u00e9sitez pas \u00e0 nous contacter.<\/p>\n<p>Design : Hector Saxe Paris<\/p>\n","protected":false},"excerpt":{"rendered":"<p>Echiquier gain\u00e9 de cuir emboss\u00e9 Galluchat, accompagn\u00e9 de sa bo\u00eete en cuir pour le rangement des pi\u00e8ces. Fabriqu\u00e9 en France, \u00e0 la main. Dimensions : Plateau : 45cm x 45cm Coffret : 14cm x 28cm x 8cm Cases : 4,5cm Hauteur du Roi : 8cm Diam\u00e8tre du Roi : 3,7cm Contenance : Assortiment de 32 [&hellip;]<\/p>\n","protected":false},"featured_media":19748,"template":"","meta":{"jetpack_post_was_ever_published":false},"product_cat":[155,150,154,153],"product_tag":[],"class_list":["post-19745","product","type-product","status-publish","has-post-thumbnail","hentry","product_cat-cadeaux","product_cat-deco","product_cat-jeux","product_cat-objet"],"jetpack_sharing_enabled":true,"_links":{"self":[{"href":"https:\/\/www.coteneige.com\/index.php\/wp-json\/wp\/v2\/product\/19745"}],"collection":[{"href":"https:\/\/www.coteneige.com\/index.php\/wp-json\/wp\/v2\/product"}],"about":[{"href":"https:\/\/www.coteneige.com\/index.php\/wp-json\/wp\/v2\/types\/product"}],"wp:featuredmedia":[{"embeddable":true,"href":"https:\/\/www.coteneige.com\/index.php\/wp-json\/wp\/v2\/media\/19748"}],"wp:attachment":[{"href":"https:\/\/www.coteneige.com\/index.php\/wp-json\/wp\/v2\/media?parent=19745"}],"wp:term":[{"taxonomy":"product_cat","embeddable":true,"href":"https:\/\/www.coteneige.com\/index.php\/wp-json\/wp\/v2\/product_cat?post=19745"},{"taxonomy":"product_tag","embeddable":true,"href":"https:\/\/www.coteneige.com\/index.php\/wp-json\/wp\/v2\/product_tag?post=19745"}],"curies":[{"name":"wp","href":"https:\/\/api.w.org\/{rel}","templated":true}]}}