{"id":19756,"date":"2023-02-02T18:01:38","date_gmt":"2023-02-02T17:01:38","guid":{"rendered":"https:\/\/www.coteneige.com\/?post_type=product&#038;p=19756"},"modified":"2024-01-16T16:41:23","modified_gmt":"2024-01-16T15:41:23","slug":"coffret-cartes-tresse","status":"publish","type":"product","link":"https:\/\/www.coteneige.com\/index.php\/produit\/coffret-cartes-tresse\/","title":{"rendered":"Coffret cartes Tress\u00e9"},"content":{"rendered":"<p>Coffret cartes gain\u00e9 de cuir tress\u00e9.<br \/>\nInt\u00e9rieur marqueterie de cuir, avec des compartiments pour deux jeux de cartes.<\/p>\n<p>Fabriqu\u00e9 en France, \u00e0 la main.<\/p>\n<p>Dimensions :<br \/>\n19cm x 13cm x h.7cm<\/p>\n<p>Contenance :<\/p>\n<p>2 jeux de cartes cartonn\u00e9s et plastifi\u00e9s.<\/p>\n<p>Possibilit\u00e9 de commander d&rsquo;autres finitions de cuir. N&rsquo;h\u00e9sitez pas \u00e0 nous contacter.<\/p>\n<p>Design : Hector Saxe Paris<\/p>\n","protected":false},"excerpt":{"rendered":"<p>Coffret cartes gain\u00e9 de cuir tress\u00e9. Int\u00e9rieur marqueterie de cuir, avec des compartiments pour deux jeux de cartes. Fabriqu\u00e9 en France, \u00e0 la main. Dimensions : 19cm x 13cm x h.7cm Contenance : 2 jeux de cartes cartonn\u00e9s et plastifi\u00e9s. Possibilit\u00e9 de commander d&rsquo;autres finitions de cuir. N&rsquo;h\u00e9sitez pas \u00e0 nous contacter. Design : Hector [&hellip;]<\/p>\n","protected":false},"featured_media":19758,"template":"","meta":{"jetpack_post_was_ever_published":false},"product_cat":[155,150,154,153],"product_tag":[],"class_list":["post-19756","product","type-product","status-publish","has-post-thumbnail","hentry","product_cat-cadeaux","product_cat-deco","product_cat-jeux","product_cat-objet"],"jetpack_sharing_enabled":true,"_links":{"self":[{"href":"https:\/\/www.coteneige.com\/index.php\/wp-json\/wp\/v2\/product\/19756"}],"collection":[{"href":"https:\/\/www.coteneige.com\/index.php\/wp-json\/wp\/v2\/product"}],"about":[{"href":"https:\/\/www.coteneige.com\/index.php\/wp-json\/wp\/v2\/types\/product"}],"wp:featuredmedia":[{"embeddable":true,"href":"https:\/\/www.coteneige.com\/index.php\/wp-json\/wp\/v2\/media\/19758"}],"wp:attachment":[{"href":"https:\/\/www.coteneige.com\/index.php\/wp-json\/wp\/v2\/media?parent=19756"}],"wp:term":[{"taxonomy":"product_cat","embeddable":true,"href":"https:\/\/www.coteneige.com\/index.php\/wp-json\/wp\/v2\/product_cat?post=19756"},{"taxonomy":"product_tag","embeddable":true,"href":"https:\/\/www.coteneige.com\/index.php\/wp-json\/wp\/v2\/product_tag?post=19756"}],"curies":[{"name":"wp","href":"https:\/\/api.w.org\/{rel}","templated":true}]}}