{"id":19761,"date":"2023-02-02T18:17:55","date_gmt":"2023-02-02T17:17:55","guid":{"rendered":"https:\/\/www.coteneige.com\/?post_type=product&#038;p=19761"},"modified":"2023-02-02T18:24:36","modified_gmt":"2023-02-02T17:24:36","slug":"livre-dor-beige-jaune","status":"publish","type":"product","link":"https:\/\/www.coteneige.com\/index.php\/produit\/livre-dor-beige-jaune\/","title":{"rendered":"Livre d&rsquo;or (Beige\/Jaune)"},"content":{"rendered":"<p>Livre d&rsquo;or avec \u00e9tui de rangement cartonn\u00e9 et gain\u00e9 de tissu bi-color.<\/p>\n<p>Dimensions :<br \/>\n23cm x 24cm x 2,5cm<\/p>\n<p>Contient 100 pages blanc ivoire<\/p>\n<p>Existe en diff\u00e9rents coloris :<br \/>\n&#8211; Beige\/Jaune<br \/>\n&#8211; Gris\/Bleu Marine<br \/>\n&#8211; Rose\/Rouge<br \/>\n&#8211; Vert\/Bleu<\/p>\n","protected":false},"excerpt":{"rendered":"<p>Livre d&rsquo;or avec \u00e9tui de rangement cartonn\u00e9 et gain\u00e9 de tissu bi-color. Dimensions : 23cm x 24cm x 2,5cm Contient 100 pages blanc ivoire Existe en diff\u00e9rents coloris : &#8211; Beige\/Jaune &#8211; Gris\/Bleu Marine &#8211; Rose\/Rouge &#8211; Vert\/Bleu<\/p>\n","protected":false},"featured_media":19767,"template":"","meta":{"jetpack_post_was_ever_published":false},"product_cat":[155,150,153,160],"product_tag":[],"class_list":["post-19761","product","type-product","status-publish","has-post-thumbnail","hentry","product_cat-cadeaux","product_cat-deco","product_cat-objet","product_cat-papeterie"],"jetpack_sharing_enabled":true,"_links":{"self":[{"href":"https:\/\/www.coteneige.com\/index.php\/wp-json\/wp\/v2\/product\/19761"}],"collection":[{"href":"https:\/\/www.coteneige.com\/index.php\/wp-json\/wp\/v2\/product"}],"about":[{"href":"https:\/\/www.coteneige.com\/index.php\/wp-json\/wp\/v2\/types\/product"}],"wp:featuredmedia":[{"embeddable":true,"href":"https:\/\/www.coteneige.com\/index.php\/wp-json\/wp\/v2\/media\/19767"}],"wp:attachment":[{"href":"https:\/\/www.coteneige.com\/index.php\/wp-json\/wp\/v2\/media?parent=19761"}],"wp:term":[{"taxonomy":"product_cat","embeddable":true,"href":"https:\/\/www.coteneige.com\/index.php\/wp-json\/wp\/v2\/product_cat?post=19761"},{"taxonomy":"product_tag","embeddable":true,"href":"https:\/\/www.coteneige.com\/index.php\/wp-json\/wp\/v2\/product_tag?post=19761"}],"curies":[{"name":"wp","href":"https:\/\/api.w.org\/{rel}","templated":true}]}}