{"id":19777,"date":"2023-02-02T18:20:53","date_gmt":"2023-02-02T17:20:53","guid":{"rendered":"https:\/\/www.coteneige.com\/?post_type=product&#038;p=19777"},"modified":"2023-02-02T18:22:13","modified_gmt":"2023-02-02T17:22:13","slug":"livre-dor-vert-bleu","status":"publish","type":"product","link":"https:\/\/www.coteneige.com\/index.php\/produit\/livre-dor-vert-bleu\/","title":{"rendered":"Livre d&rsquo;or (Vert\/Bleu)"},"content":{"rendered":"<p>Livre d&rsquo;or avec \u00e9tui de rangement cartonn\u00e9 et gain\u00e9 de tissu bi-color.<\/p>\n<p>Dimensions :<br \/>\n23cm x 24cm x 2,5cm<\/p>\n<p>Contient 100 pages blanc ivoire<\/p>\n<p>Existe en diff\u00e9rents coloris :<br \/>\n&#8211; Beige\/Jaune<br \/>\n&#8211; Gris\/Bleu Marine<br \/>\n&#8211; Rose\/Rouge<br \/>\n&#8211; Vert\/Bleu<\/p>\n","protected":false},"excerpt":{"rendered":"<p>Livre d&rsquo;or avec \u00e9tui de rangement cartonn\u00e9 et gain\u00e9 de tissu bi-color. Dimensions : 23cm x 24cm x 2,5cm Contient 100 pages blanc ivoire Existe en diff\u00e9rents coloris : &#8211; Beige\/Jaune &#8211; Gris\/Bleu Marine &#8211; Rose\/Rouge &#8211; Vert\/Bleu<\/p>\n","protected":false},"featured_media":19773,"template":"","meta":{"jetpack_post_was_ever_published":false},"product_cat":[155,150,153,160],"product_tag":[],"class_list":["post-19777","product","type-product","status-publish","has-post-thumbnail","hentry","product_cat-cadeaux","product_cat-deco","product_cat-objet","product_cat-papeterie"],"jetpack_sharing_enabled":true,"_links":{"self":[{"href":"https:\/\/www.coteneige.com\/index.php\/wp-json\/wp\/v2\/product\/19777"}],"collection":[{"href":"https:\/\/www.coteneige.com\/index.php\/wp-json\/wp\/v2\/product"}],"about":[{"href":"https:\/\/www.coteneige.com\/index.php\/wp-json\/wp\/v2\/types\/product"}],"wp:featuredmedia":[{"embeddable":true,"href":"https:\/\/www.coteneige.com\/index.php\/wp-json\/wp\/v2\/media\/19773"}],"wp:attachment":[{"href":"https:\/\/www.coteneige.com\/index.php\/wp-json\/wp\/v2\/media?parent=19777"}],"wp:term":[{"taxonomy":"product_cat","embeddable":true,"href":"https:\/\/www.coteneige.com\/index.php\/wp-json\/wp\/v2\/product_cat?post=19777"},{"taxonomy":"product_tag","embeddable":true,"href":"https:\/\/www.coteneige.com\/index.php\/wp-json\/wp\/v2\/product_tag?post=19777"}],"curies":[{"name":"wp","href":"https:\/\/api.w.org\/{rel}","templated":true}]}}